{"id":235,"date":"2024-11-11T16:13:29","date_gmt":"2024-11-11T15:13:29","guid":{"rendered":"http:\/\/192.168.50.96\/index.php\/home-polski\/"},"modified":"2025-01-01T14:15:47","modified_gmt":"2025-01-01T13:15:47","slug":"home-polski","status":"publish","type":"page","link":"https:\/\/www.lselektronik.pl\/autoinstalator\/wordpress\/index.php\/home-polski\/","title":{"rendered":"Home &#8211; Polski"},"content":{"rendered":"\n<div class=\"wp-block-cover alignfull\" style=\"padding-top:0px;min-height:407px;aspect-ratio:unset;\"><span aria-hidden=\"true\" class=\"wp-block-cover__background has-background-dim-60 has-background-dim\" style=\"background-color:#030633\"><\/span><img loading=\"lazy\" decoding=\"async\" width=\"1280\" height=\"720\" class=\"wp-block-cover__image-background wp-image-44\" alt=\"\" src=\"http:\/\/192.168.50.96\/wp-content\/uploads\/2024\/10\/electrician-1288717_1280.jpg\" style=\"object-position:38% 94%\" data-object-fit=\"cover\" data-object-position=\"38% 94%\" srcset=\"https:\/\/www.lselektronik.pl\/autoinstalator\/wordpress\/wp-content\/uploads\/2024\/10\/electrician-1288717_1280.jpg 1280w, https:\/\/www.lselektronik.pl\/autoinstalator\/wordpress\/wp-content\/uploads\/2024\/10\/electrician-1288717_1280-300x169.jpg 300w, https:\/\/www.lselektronik.pl\/autoinstalator\/wordpress\/wp-content\/uploads\/2024\/10\/electrician-1288717_1280-1024x576.jpg 1024w, https:\/\/www.lselektronik.pl\/autoinstalator\/wordpress\/wp-content\/uploads\/2024\/10\/electrician-1288717_1280-768x432.jpg 768w\" sizes=\"auto, (max-width: 1280px) 100vw, 1280px\" \/><div class=\"wp-block-cover__inner-container has-global-padding is-layout-constrained wp-container-core-cover-is-layout-0ff4aabc wp-block-cover-is-layout-constrained\">\n<p><\/p>\n\n\n\n<p style=\"line-height:0\"><\/p>\n\n\n\n<h2 class=\"wp-block-heading has-text-align-center has-text-color\" style=\"color:#ffffff;font-size:clamp(39.963px, 2.498rem + ((1vw - 3.2px) * 3.981), 75px);font-style:normal;font-weight:400;line-height:1.2;text-transform:uppercase\">zaprojektowane dla ciebie.<\/h2>\n\n\n\n<p class=\"has-text-align-center has-text-color\" style=\"color:#ffffff;font-size:clamp(14px, 0.875rem + ((1vw - 3.2px) * 0.682), 20px);line-height:1.5\">Elektronika. Projektowanie. Produkcja.<\/p>\n\n\n\n<figure class=\"wp-block-image aligncenter size-full is-resized\"><img loading=\"lazy\" decoding=\"async\" width=\"380\" height=\"125\" src=\"http:\/\/192.168.50.96\/wp-content\/uploads\/2024\/11\/logo2.png\" alt=\"\" class=\"wp-image-223\" style=\"width:222px;height:auto\" srcset=\"https:\/\/www.lselektronik.pl\/autoinstalator\/wordpress\/wp-content\/uploads\/2024\/11\/logo2.png 380w, https:\/\/www.lselektronik.pl\/autoinstalator\/wordpress\/wp-content\/uploads\/2024\/11\/logo2-300x99.png 300w\" sizes=\"auto, (max-width: 380px) 100vw, 380px\" \/><\/figure>\n<\/div><\/div>\n\n\n\n<div class=\"wp-block-cover alignfull is-light\" style=\"margin-top:0px;margin-bottom:0px;padding-top:30px;padding-right:var(--wp--preset--spacing--50);padding-bottom:30px;padding-left:var(--wp--preset--spacing--50)\"><span aria-hidden=\"true\" class=\"wp-block-cover__background has-base-background-color has-background-dim-0 has-background-dim\"><\/span><div class=\"wp-block-cover__inner-container has-global-padding is-layout-constrained wp-container-core-cover-is-layout-ca44ad0b wp-block-cover-is-layout-constrained\">\n<div class=\"wp-block-columns is-layout-flex wp-container-core-columns-is-layout-b44c39c5 wp-block-columns-is-layout-flex\" style=\"padding-top:var(--wp--preset--spacing--70);padding-bottom:var(--wp--preset--spacing--70)\">\n<div class=\"wp-block-column is-vertically-aligned-center is-layout-flow wp-block-column-is-layout-flow\" style=\"flex-basis:50%\">\n<figure class=\"wp-block-image aligncenter size-full is-resized\"><img loading=\"lazy\" decoding=\"async\" width=\"640\" height=\"426\" src=\"http:\/\/192.168.50.96\/wp-content\/uploads\/2024\/10\/computer-4795762_640.jpg\" alt=\"\" class=\"wp-image-36\" style=\"object-fit:cover;width:450px;height:250px\" srcset=\"https:\/\/www.lselektronik.pl\/autoinstalator\/wordpress\/wp-content\/uploads\/2024\/10\/computer-4795762_640.jpg 640w, https:\/\/www.lselektronik.pl\/autoinstalator\/wordpress\/wp-content\/uploads\/2024\/10\/computer-4795762_640-300x200.jpg 300w\" sizes=\"auto, (max-width: 640px) 100vw, 640px\" \/><\/figure>\n<\/div>\n\n\n\n<div class=\"wp-block-column is-layout-flow wp-block-column-is-layout-flow\" style=\"flex-basis:66.66%\">\n<h2 class=\"wp-block-heading has-text-align-center has-text-color\" style=\"color:#000000;margin-top:0;font-size:clamp(25.984px, 1.624rem + ((1vw - 3.2px) * 2.047), 44px);font-style:normal;font-weight:400;line-height:1;text-transform:uppercase\">Projektowanie rozwi\u0105za\u0144<\/h2>\n\n\n\n<p class=\"has-text-align-center has-text-color\" style=\"color:#737373;font-size:clamp(14px, 0.875rem + ((1vw - 3.2px) * 0.455), 18px);line-height:1.5\">Mamy bogate do\u015bwiadczenie w realizowaniu projekt\u00f3w dla przemys\u0142u, medycyny i telekomunikacji. Urz\u0105dzenia tworzymy od podstaw &#8211; zaczynaj\u0105c od pomys\u0142u klienta zajmujemy si\u0119 projektowaniem, prototypowaniem, oprogramowaniem, testowaniem oraz uruchamianiem naszego sprz\u0119tu.<\/p>\n\n\n\n<p class=\"has-text-align-center has-text-color\" style=\"color:#737373;margin-top:0px;margin-bottom:0px;font-size:clamp(14px, 0.875rem + ((1vw - 3.2px) * 0.455), 18px);line-height:1.5\"><\/p>\n<\/div>\n<\/div>\n\n\n\n<div class=\"wp-block-columns is-layout-flex wp-container-core-columns-is-layout-a4fe827e wp-block-columns-is-layout-flex\" style=\"padding-bottom:var(--wp--preset--spacing--70);font-size:0px\">\n<div class=\"wp-block-column is-layout-flow wp-block-column-is-layout-flow\" style=\"flex-basis:66.66%\">\n<h2 class=\"wp-block-heading has-text-align-center has-text-color\" style=\"color:#000000;margin-bottom:0px;font-size:clamp(25.984px, 1.624rem + ((1vw - 3.2px) * 2.047), 44px);font-style:normal;font-weight:400;line-height:1;text-transform:uppercase\">systemy bezprzewodowe<\/h2>\n\n\n\n<p class=\"has-text-align-center has-text-color\" style=\"color:#737373;font-size:clamp(14px, 0.875rem + ((1vw - 3.2px) * 0.455), 18px);line-height:1.5\">Implementujemy w naszych projektach standardowe metody komunikacji takie jak Wi-Fi, Ethernet lub Bluetooth, ale projektujemy r\u00f3wnie\u017c systemy \u0142\u0105czno\u015bci na pasmach ISM 169, 433 i 868 MHz.<\/p>\n\n\n\n<p class=\"has-text-align-center has-text-color\" style=\"color:#737373;font-size:clamp(14px, 0.875rem + ((1vw - 3.2px) * 0.455), 18px);line-height:1.5\"><\/p>\n\n\n\n<div class=\"wp-block-buttons is-content-justification-center is-layout-flex wp-container-core-buttons-is-layout-a89b3969 wp-block-buttons-is-layout-flex\">\n<div class=\"wp-block-button has-custom-font-size is-style-outline is-style-outline--1\" style=\"font-size:clamp(14px, 0.875rem + ((1vw - 3.2px) * 0.227), 16px);font-style:normal;font-weight:600;text-transform:uppercase\"><a class=\"wp-block-button__link has-text-color has-text-align-left wp-element-button\" href=\"http:\/\/192.168.50.96\/index.php\/kontakt\/\" style=\"border-style:none;border-width:0px;color:#000000\">dowiedz si\u0119 wi\u0119cej \u279e<\/a><\/div>\n<\/div>\n<\/div>\n\n\n\n<div class=\"wp-block-column is-vertically-aligned-center is-layout-flow wp-block-column-is-layout-flow\" style=\"flex-basis:50%\">\n<figure class=\"wp-block-image aligncenter size-full is-resized\"><img loading=\"lazy\" decoding=\"async\" width=\"640\" height=\"479\" src=\"http:\/\/192.168.50.96\/wp-content\/uploads\/2024\/10\/computer-8045000_640.jpg\" alt=\"\" class=\"wp-image-106\" style=\"object-fit:cover;width:450px;height:250px\" srcset=\"https:\/\/www.lselektronik.pl\/autoinstalator\/wordpress\/wp-content\/uploads\/2024\/10\/computer-8045000_640.jpg 640w, https:\/\/www.lselektronik.pl\/autoinstalator\/wordpress\/wp-content\/uploads\/2024\/10\/computer-8045000_640-300x225.jpg 300w\" sizes=\"auto, (max-width: 640px) 100vw, 640px\" \/><\/figure>\n<\/div>\n<\/div>\n\n\n\n<div class=\"wp-block-columns is-layout-flex wp-container-core-columns-is-layout-a4fe827e wp-block-columns-is-layout-flex\" style=\"padding-bottom:var(--wp--preset--spacing--70)\">\n<div class=\"wp-block-column is-layout-flow wp-block-column-is-layout-flow\" style=\"flex-basis:50%\">\n<figure class=\"wp-block-image aligncenter size-full is-resized\"><img loading=\"lazy\" decoding=\"async\" width=\"640\" height=\"427\" src=\"http:\/\/192.168.50.96\/wp-content\/uploads\/2024\/10\/technology-1850021_640.jpg\" alt=\"\" class=\"wp-image-105\" style=\"object-fit:cover;width:450px;height:250px\" srcset=\"https:\/\/www.lselektronik.pl\/autoinstalator\/wordpress\/wp-content\/uploads\/2024\/10\/technology-1850021_640.jpg 640w, https:\/\/www.lselektronik.pl\/autoinstalator\/wordpress\/wp-content\/uploads\/2024\/10\/technology-1850021_640-300x200.jpg 300w\" sizes=\"auto, (max-width: 640px) 100vw, 640px\" \/><\/figure>\n<\/div>\n\n\n\n<div class=\"wp-block-column is-layout-flow wp-block-column-is-layout-flow\" style=\"flex-basis:66.66%\">\n<h2 class=\"wp-block-heading has-text-align-center has-text-color\" style=\"color:#000000;margin-top:0;font-size:clamp(25.984px, 1.624rem + ((1vw - 3.2px) * 2.047), 44px);font-style:normal;font-weight:400;line-height:1;text-transform:uppercase\">Projekty analogowe<\/h2>\n\n\n\n<p class=\"has-text-align-center has-text-color\" style=\"color:#737373;font-size:clamp(14px, 0.875rem + ((1vw - 3.2px) * 0.455), 18px);line-height:1.5\">Projektujemy wzmacniacze pomiarowe, elementy mocy, zasilacze impulsowe i inne rozwi\u0105zania wg. potrzeb klienta.<\/p>\n\n\n\n<div class=\"wp-block-buttons is-content-justification-center is-layout-flex wp-container-core-buttons-is-layout-a89b3969 wp-block-buttons-is-layout-flex\"><\/div>\n<\/div>\n<\/div>\n\n\n\n<div class=\"wp-block-columns is-layout-flex wp-container-core-columns-is-layout-a4fe827e wp-block-columns-is-layout-flex\" style=\"padding-bottom:var(--wp--preset--spacing--70);font-size:0px\">\n<div class=\"wp-block-column is-layout-flow wp-block-column-is-layout-flow\" style=\"flex-basis:50%\">\n<h2 class=\"wp-block-heading has-text-align-center has-text-color\" style=\"color:#000000;margin-bottom:0px;font-size:clamp(25.984px, 1.624rem + ((1vw - 3.2px) * 2.047), 44px);font-style:normal;font-weight:400;line-height:1;text-transform:uppercase\">p\u0142ytki wielowarstwowe<\/h2>\n\n\n\n<p class=\"has-text-align-center has-text-color\" style=\"color:#737373;font-size:clamp(14px, 0.875rem + ((1vw - 3.2px) * 0.455), 18px);line-height:1.5\">Oferujemy produkcj\u0119 i monta\u017c p\u0142ytek wielowarstwowych w korzystnych cenach.<\/p>\n\n\n\n<div class=\"wp-block-buttons is-content-justification-center is-layout-flex wp-container-core-buttons-is-layout-a89b3969 wp-block-buttons-is-layout-flex\">\n<div class=\"wp-block-button has-custom-font-size is-style-outline is-style-outline--2\" style=\"font-size:clamp(14px, 0.875rem + ((1vw - 3.2px) * 0.227), 16px);font-style:normal;font-weight:600;text-transform:uppercase\"><a class=\"wp-block-button__link has-text-color has-text-align-left wp-element-button\" href=\"https:\/\/www.lselektronik.pl\/autoinstalator\/wordpress\/index.php\/oferta\/#plytki\" style=\"border-style:none;border-width:0px;color:#000000\">dowiedz si\u0119 wi\u0119cej \u279e<\/a><\/div>\n<\/div>\n<\/div>\n\n\n\n<div class=\"wp-block-column is-vertically-aligned-center is-layout-flow wp-block-column-is-layout-flow\" style=\"flex-basis:50%\">\n<figure class=\"wp-block-image aligncenter size-full is-resized\"><img loading=\"lazy\" decoding=\"async\" width=\"498\" height=\"332\" src=\"http:\/\/192.168.50.96\/wp-content\/uploads\/2024\/10\/box-1-edited.jpg\" alt=\"\" class=\"wp-image-69\" style=\"object-fit:cover;width:450px;height:250px\" srcset=\"https:\/\/www.lselektronik.pl\/autoinstalator\/wordpress\/wp-content\/uploads\/2024\/10\/box-1-edited.jpg 498w, https:\/\/www.lselektronik.pl\/autoinstalator\/wordpress\/wp-content\/uploads\/2024\/10\/box-1-edited-300x200.jpg 300w\" sizes=\"auto, (max-width: 498px) 100vw, 498px\" \/><\/figure>\n<\/div>\n<\/div>\n\n\n\n<div class=\"wp-block-columns is-layout-flex wp-container-core-columns-is-layout-a4fe827e wp-block-columns-is-layout-flex\" style=\"padding-bottom:var(--wp--preset--spacing--70)\">\n<div class=\"wp-block-column is-layout-flow wp-block-column-is-layout-flow\" style=\"flex-basis:50%\">\n<figure class=\"wp-block-image aligncenter size-full is-resized\"><img loading=\"lazy\" decoding=\"async\" width=\"570\" height=\"332\" src=\"http:\/\/192.168.50.96\/wp-content\/uploads\/2024\/10\/box-2.jpg\" alt=\"\" class=\"wp-image-56\" style=\"object-fit:cover;width:450px;height:250px\" srcset=\"https:\/\/www.lselektronik.pl\/autoinstalator\/wordpress\/wp-content\/uploads\/2024\/10\/box-2.jpg 570w, https:\/\/www.lselektronik.pl\/autoinstalator\/wordpress\/wp-content\/uploads\/2024\/10\/box-2-300x175.jpg 300w\" sizes=\"auto, (max-width: 570px) 100vw, 570px\" \/><\/figure>\n<\/div>\n\n\n\n<div class=\"wp-block-column is-layout-flow wp-block-column-is-layout-flow\" style=\"flex-basis:66.66%\">\n<h2 class=\"wp-block-heading has-text-align-center has-text-color\" style=\"color:#000000;margin-top:0;font-size:clamp(25.984px, 1.624rem + ((1vw - 3.2px) * 2.047), 44px);font-style:normal;font-weight:400;line-height:1;text-transform:uppercase\">wy\u015bwietlacze<\/h2>\n\n\n\n<p class=\"has-text-align-center has-text-color\" style=\"color:#737373;font-size:clamp(14px, 0.875rem + ((1vw - 3.2px) * 0.455), 18px);line-height:1.5\">Wy\u015bwietlacze TFT charakteryzuj\u0105ce si\u0119 wysok\u0105 ostro\u015bci\u0105 barw i kr\u00f3tkim czasem dost\u0119pu. Cz\u0119sto wykorzystywane i testowane, stanowi\u0105 idealny balans jako\u015bci w stosunku do ceny.<\/p>\n\n\n\n<div class=\"wp-block-buttons is-content-justification-center is-layout-flex wp-container-core-buttons-is-layout-a89b3969 wp-block-buttons-is-layout-flex\">\n<div class=\"wp-block-button has-custom-font-size is-style-outline is-style-outline--3\" style=\"font-size:clamp(14px, 0.875rem + ((1vw - 3.2px) * 0.227), 16px);font-style:normal;font-weight:600;text-transform:uppercase\"><a class=\"wp-block-button__link has-text-color has-text-align-left wp-element-button\" href=\"https:\/\/www.lselektronik.pl\/autoinstalator\/wordpress\/index.php\/oferta\/#wyswietlacze\" style=\"border-style:none;border-width:0px;color:#000000\">dowiedz si\u0119 wi\u0119cej \u279e<\/a><\/div>\n<\/div>\n<\/div>\n<\/div>\n\n\n\n<div class=\"wp-block-columns is-layout-flex wp-container-core-columns-is-layout-487a1fa6 wp-block-columns-is-layout-flex\" style=\"padding-top:0;padding-bottom:var(--wp--preset--spacing--70);font-size:0px\">\n<div class=\"wp-block-column is-layout-flow wp-block-column-is-layout-flow\" style=\"flex-basis:50%\">\n<h2 class=\"wp-block-heading has-text-align-center has-text-color\" style=\"color:#000000;margin-bottom:0px;font-size:clamp(25.984px, 1.624rem + ((1vw - 3.2px) * 2.047), 44px);font-style:normal;font-weight:400;line-height:1;text-transform:uppercase\">skontaktuj si\u0119 z nami<\/h2>\n\n\n\n<p class=\"has-text-align-center has-text-color\" style=\"color:#737373;font-size:clamp(14px, 0.875rem + ((1vw - 3.2px) * 0.455), 18px);line-height:1.5\">Masz pomys\u0142 na projekt? Napisz do nas i odkryj jak nasze do\u015bwiadczenie pomo\u017ce Ci w jego sprawnej realizacji.<\/p>\n\n\n\n<div class=\"wp-block-buttons is-content-justification-center is-layout-flex wp-container-core-buttons-is-layout-a89b3969 wp-block-buttons-is-layout-flex\">\n<div class=\"wp-block-button has-custom-font-size is-style-outline is-style-outline--4\" style=\"font-size:clamp(14px, 0.875rem + ((1vw - 3.2px) * 0.227), 16px);font-style:normal;font-weight:600;text-transform:uppercase\"><a class=\"wp-block-button__link has-text-color has-text-align-left wp-element-button\" href=\"https:\/\/www.lselektronik.pl\/autoinstalator\/wordpress\/index.php\/kontakt\/\" style=\"border-style:none;border-width:0px;color:#000000\">kontakt \u279e<\/a><\/div>\n<\/div>\n<\/div>\n\n\n\n<div class=\"wp-block-column is-vertically-aligned-center is-layout-flow wp-block-column-is-layout-flow\" style=\"flex-basis:50%\">\n<figure class=\"wp-block-image aligncenter size-full is-resized\"><img loading=\"lazy\" decoding=\"async\" width=\"640\" height=\"366\" src=\"http:\/\/192.168.50.96\/wp-content\/uploads\/2024\/10\/contact-us-4193637_640.jpg\" alt=\"\" class=\"wp-image-41\" style=\"object-fit:cover;width:450px;height:250px\" srcset=\"https:\/\/www.lselektronik.pl\/autoinstalator\/wordpress\/wp-content\/uploads\/2024\/10\/contact-us-4193637_640.jpg 640w, https:\/\/www.lselektronik.pl\/autoinstalator\/wordpress\/wp-content\/uploads\/2024\/10\/contact-us-4193637_640-300x172.jpg 300w\" sizes=\"auto, (max-width: 640px) 100vw, 640px\" \/><\/figure>\n<\/div>\n<\/div>\n<\/div><\/div>\n\n\n\n<div class=\"wp-block-cover alignfull\" style=\"margin-top:0px;margin-bottom:0px;padding-top:0px;padding-bottom:0px;min-height:298px;aspect-ratio:unset;\"><span aria-hidden=\"true\" class=\"wp-block-cover__background has-black-background-color has-background-dim-60 has-background-dim\"><\/span><img loading=\"lazy\" decoding=\"async\" width=\"1280\" height=\"720\" class=\"wp-block-cover__image-background wp-image-44\" alt=\"\" src=\"http:\/\/192.168.50.96\/wp-content\/uploads\/2024\/10\/electrician-1288717_1280.jpg\" data-object-fit=\"cover\" srcset=\"https:\/\/www.lselektronik.pl\/autoinstalator\/wordpress\/wp-content\/uploads\/2024\/10\/electrician-1288717_1280.jpg 1280w, https:\/\/www.lselektronik.pl\/autoinstalator\/wordpress\/wp-content\/uploads\/2024\/10\/electrician-1288717_1280-300x169.jpg 300w, https:\/\/www.lselektronik.pl\/autoinstalator\/wordpress\/wp-content\/uploads\/2024\/10\/electrician-1288717_1280-1024x576.jpg 1024w, https:\/\/www.lselektronik.pl\/autoinstalator\/wordpress\/wp-content\/uploads\/2024\/10\/electrician-1288717_1280-768x432.jpg 768w\" sizes=\"auto, (max-width: 1280px) 100vw, 1280px\" \/><div class=\"wp-block-cover__inner-container has-global-padding is-layout-constrained wp-container-core-cover-is-layout-6e30cc07 wp-block-cover-is-layout-constrained\">\n<h2 class=\"wp-block-heading has-text-align-center has-text-color\" style=\"color:#ffffff;margin-top:0;font-size:clamp(33.419px, 2.089rem + ((1vw - 3.2px) * 3.021), 60px);font-style:normal;font-weight:400;line-height:1\">Tworzenie kompleksowych rozwi\u0105za\u0144 dla Twojej firmy.<\/h2>\n<\/div><\/div>\n","protected":false},"excerpt":{"rendered":"","protected":false},"author":1,"featured_media":0,"parent":0,"menu_order":0,"comment_status":"closed","ping_status":"closed","template":"wp-custom-template-polskie","meta":{"footnotes":""},"class_list":["post-235","page","type-page","status-publish","hentry"],"_links":{"self":[{"href":"https:\/\/www.lselektronik.pl\/autoinstalator\/wordpress\/index.php\/wp-json\/wp\/v2\/pages\/235","targetHints":{"allow":["GET"]}}],"collection":[{"href":"https:\/\/www.lselektronik.pl\/autoinstalator\/wordpress\/index.php\/wp-json\/wp\/v2\/pages"}],"about":[{"href":"https:\/\/www.lselektronik.pl\/autoinstalator\/wordpress\/index.php\/wp-json\/wp\/v2\/types\/page"}],"author":[{"embeddable":true,"href":"https:\/\/www.lselektronik.pl\/autoinstalator\/wordpress\/index.php\/wp-json\/wp\/v2\/users\/1"}],"replies":[{"embeddable":true,"href":"https:\/\/www.lselektronik.pl\/autoinstalator\/wordpress\/index.php\/wp-json\/wp\/v2\/comments?post=235"}],"version-history":[{"count":20,"href":"https:\/\/www.lselektronik.pl\/autoinstalator\/wordpress\/index.php\/wp-json\/wp\/v2\/pages\/235\/revisions"}],"predecessor-version":[{"id":380,"href":"https:\/\/www.lselektronik.pl\/autoinstalator\/wordpress\/index.php\/wp-json\/wp\/v2\/pages\/235\/revisions\/380"}],"wp:attachment":[{"href":"https:\/\/www.lselektronik.pl\/autoinstalator\/wordpress\/index.php\/wp-json\/wp\/v2\/media?parent=235"}],"curies":[{"name":"wp","href":"https:\/\/api.w.org\/{rel}","templated":true}]}}