{"id":240,"date":"2024-11-11T16:17:32","date_gmt":"2024-11-11T15:17:32","guid":{"rendered":"http:\/\/192.168.50.96\/?page_id=240"},"modified":"2024-12-31T13:59:08","modified_gmt":"2024-12-31T12:59:08","slug":"o-firmie","status":"publish","type":"page","link":"https:\/\/www.lselektronik.pl\/autoinstalator\/wordpress\/index.php\/o-firmie\/","title":{"rendered":"O firmie"},"content":{"rendered":"\n<div class=\"wp-block-cover alignfull\" style=\"min-height:96px;aspect-ratio:unset;\"><span aria-hidden=\"true\" class=\"wp-block-cover__background has-background-dim-70 has-background-dim\" style=\"background-color:#030633\"><\/span><img loading=\"lazy\" decoding=\"async\" width=\"1920\" height=\"1280\" class=\"wp-block-cover__image-background wp-image-33\" alt=\"\" src=\"http:\/\/192.168.50.96\/wp-content\/uploads\/2024\/10\/circuit-6613812_1920.jpg\" data-object-fit=\"cover\" srcset=\"https:\/\/www.lselektronik.pl\/autoinstalator\/wordpress\/wp-content\/uploads\/2024\/10\/circuit-6613812_1920.jpg 1920w, https:\/\/www.lselektronik.pl\/autoinstalator\/wordpress\/wp-content\/uploads\/2024\/10\/circuit-6613812_1920-300x200.jpg 300w, https:\/\/www.lselektronik.pl\/autoinstalator\/wordpress\/wp-content\/uploads\/2024\/10\/circuit-6613812_1920-1024x683.jpg 1024w, https:\/\/www.lselektronik.pl\/autoinstalator\/wordpress\/wp-content\/uploads\/2024\/10\/circuit-6613812_1920-768x512.jpg 768w, https:\/\/www.lselektronik.pl\/autoinstalator\/wordpress\/wp-content\/uploads\/2024\/10\/circuit-6613812_1920-1536x1024.jpg 1536w\" sizes=\"auto, (max-width: 1920px) 100vw, 1920px\" \/><div class=\"wp-block-cover__inner-container has-global-padding is-layout-constrained wp-container-core-cover-is-layout-4383d167 wp-block-cover-is-layout-constrained\">\n<p class=\"has-text-align-center has-large-font-size\"><\/p>\n<\/div><\/div>\n\n\n\n<div class=\"wp-block-cover alignfull is-light\" style=\"margin-top:0;margin-bottom:0;padding-top:120px;padding-bottom:120px;min-height:632px;aspect-ratio:unset;\"><span aria-hidden=\"true\" class=\"wp-block-cover__background has-custom-color-3-background-color has-background-dim-0 has-background-dim\"><\/span><div class=\"wp-block-cover__inner-container has-global-padding is-layout-constrained wp-container-core-cover-is-layout-3d678ac5 wp-block-cover-is-layout-constrained\">\n<div class=\"wp-block-columns is-layout-flex wp-container-core-columns-is-layout-28f84493 wp-block-columns-is-layout-flex\">\n<div class=\"wp-block-column is-layout-flow wp-block-column-is-layout-flow\" style=\"flex-basis:60%\">\n<h3 class=\"wp-block-heading has-text-color\" style=\"color:#000000;margin-bottom:60px;font-size:clamp(22.041px, 1.378rem + ((1vw - 3.2px) * 1.586), 36px);font-style:normal;font-weight:400;line-height:1.5\"><strong>LS Elektronik<\/strong>. Firma z wieloletnim do\u015bwiadczeniem, kt\u00f3ra wykonuje urz\u0105dzenia elektroniczne na indywidualne \u017cyczenie klienta.<\/h3>\n<\/div>\n\n\n\n<div class=\"wp-block-column is-layout-flow wp-block-column-is-layout-flow\" style=\"flex-basis:33.33%\"><\/div>\n<\/div>\n\n\n\n<div class=\"wp-block-columns is-layout-flex wp-container-core-columns-is-layout-28f84493 wp-block-columns-is-layout-flex\">\n<div class=\"wp-block-column has-custom-color-2-color has-text-color has-global-padding is-content-justification-left is-layout-constrained wp-container-core-column-is-layout-12dd3699 wp-block-column-is-layout-constrained\" style=\"flex-basis:200px\">\n<hr class=\"wp-block-separator has-text-color has-contrast-color has-alpha-channel-opacity has-contrast-background-color has-background\"\/>\n<\/div>\n\n\n\n<div class=\"wp-block-column is-layout-flow wp-block-column-is-layout-flow\" style=\"flex-basis:36%\">\n<p class=\"has-text-color\" style=\"color:#737373;font-size:clamp(14px, 0.875rem + ((1vw - 3.2px) * 0.227), 16px);font-style:normal;font-weight:500;letter-spacing:1px;line-height:1;text-transform:uppercase\">projekty elektroniczne na zam\u00f3wienie<\/p>\n\n\n\n<p class=\"has-text-color\" style=\"color:#737373;font-size:clamp(14px, 0.875rem + ((1vw - 3.2px) * 0.227), 16px);font-style:normal;font-weight:500;letter-spacing:1px;line-height:1;text-transform:uppercase\">prototypowanie i testowanie<\/p>\n\n\n\n<p class=\"has-text-color\" style=\"color:#737373;font-size:clamp(14px, 0.875rem + ((1vw - 3.2px) * 0.227), 16px);font-style:normal;font-weight:500;letter-spacing:1px;line-height:1;text-transform:uppercase\">projektowanie system\u00f3w wbudowanych<\/p>\n\n\n\n<p class=\"has-text-color\" style=\"color:#737373;font-size:clamp(14px, 0.875rem + ((1vw - 3.2px) * 0.227), 16px);font-style:normal;font-weight:500;letter-spacing:1px;line-height:1;text-transform:uppercase\">wsparcie techniczne<\/p>\n\n\n\n<p class=\"has-text-color\" style=\"color:#737373;font-size:clamp(14px, 0.875rem + ((1vw - 3.2px) * 0.227), 16px);font-style:normal;font-weight:500;letter-spacing:1px;line-height:1;text-transform:uppercase\"><\/p>\n<\/div>\n\n\n\n<div class=\"wp-block-column is-layout-flow wp-block-column-is-layout-flow\" style=\"flex-basis:36%\">\n<p class=\"has-text-color has-link-color wp-elements-81c2ddfbc89369aa0c52cf00b792bb1d\" style=\"color:#000000;font-size:clamp(14px, 0.875rem + ((1vw - 3.2px) * 0.455), 18px);\">Oferujemy szereg wysokiej klasy us\u0142ug, dzi\u0119ki kt\u00f3rym Twoje pomys\u0142y stan\u0105 si\u0119 rzeczywisto\u015bci\u0105. Od niestandardowych projekt\u00f3w elektronicznych, kt\u00f3re odpowiadaj\u0105 Twoim unikalnym potrzebom, po us\u0142ugi prototypowania i testowania zapewniaj\u0105ce, \u017ce wszystko dzia\u0142a idealnie \u2013 mamy wszystko, czego potrzebujesz.<\/p>\n\n\n\n<p class=\"has-text-color has-link-color wp-elements-04ff3fb7af5dd7803a7555d39f54e0b5\" style=\"color:#000000;font-size:clamp(14px, 0.875rem + ((1vw - 3.2px) * 0.455), 18px);\"><\/p>\n<\/div>\n<\/div>\n\n\n\n<div class=\"wp-block-columns is-layout-flex wp-container-core-columns-is-layout-2d54fda1 wp-block-columns-is-layout-flex\" style=\"padding-top:var(--wp--preset--spacing--50);padding-bottom:var(--wp--preset--spacing--80)\">\n<div class=\"wp-block-column is-layout-flow wp-block-column-is-layout-flow\">\n<h4 class=\"wp-block-heading has-text-color\" style=\"color:#000000;margin-bottom:60px;font-size:clamp(18.959px, 1.185rem + ((1vw - 3.2px) * 1.255), 30px);line-height:1.4;text-transform:uppercase\">TECHNOLOGIE<\/h4>\n\n\n\n<p>Urz\u0105dzenia tworzymy od podstaw &#8211; poczynaj\u0105c od pomys\u0142u klienta zajmujemy si\u0119 projektowaniem, monta\u017cem, oprogramowaniem, testowaniem oraz uruchamianiem naszego sprz\u0119tu.<\/p>\n\n\n\n<p>Realizujemy projekty na potrzeby przemys\u0142u, medycyny i telekomunikacji. Nasze urz\u0105dzenia mog\u0105 si\u0119 komunikowa\u0107 zar\u00f3wno poprzez modu\u0142u\u0142 sieciowy\u00a0<strong>Ethernet<\/strong>\u00a0jak i\u00a0<strong>WiFi<\/strong>. Tworzymy sprz\u0119t wykorzystuj\u0105cy tory radiowe na pa\u015bmie\u00a0<strong>ISM<\/strong>. Nasze urz\u0105dzenia mog\u0105 by\u0107 zasilane bateryjnie lub mo\u017cemy zaprojektowa\u0107 zasilacz impulsowy.<\/p>\n<\/div>\n\n\n\n<div class=\"wp-block-column is-vertically-aligned-center is-layout-flow wp-block-column-is-layout-flow\" style=\"padding-top:0;padding-bottom:0\">\n<figure class=\"wp-block-image aligncenter size-full is-resized\"><img loading=\"lazy\" decoding=\"async\" width=\"640\" height=\"438\" src=\"http:\/\/192.168.50.96\/wp-content\/uploads\/2024\/11\/wireless-signal-1119306_640.png\" alt=\"\" class=\"wp-image-131\" style=\"width:300px\" srcset=\"https:\/\/www.lselektronik.pl\/autoinstalator\/wordpress\/wp-content\/uploads\/2024\/11\/wireless-signal-1119306_640.png 640w, https:\/\/www.lselektronik.pl\/autoinstalator\/wordpress\/wp-content\/uploads\/2024\/11\/wireless-signal-1119306_640-300x205.png 300w\" sizes=\"auto, (max-width: 640px) 100vw, 640px\" \/><\/figure>\n<\/div>\n<\/div>\n\n\n\n<div class=\"wp-block-columns is-layout-flex wp-container-core-columns-is-layout-a4fe827e wp-block-columns-is-layout-flex\" style=\"padding-bottom:var(--wp--preset--spacing--70)\">\n<div class=\"wp-block-column is-layout-flow wp-block-column-is-layout-flow\">\n<h4 class=\"wp-block-heading has-text-color\" style=\"color:#000000;margin-bottom:60px;font-size:clamp(18.959px, 1.185rem + ((1vw - 3.2px) * 1.255), 30px);line-height:1.4;text-transform:uppercase\">podzespo\u0142y<\/h4>\n\n\n\n<p>W swoich opracowaniach wykorzystujemy g\u0142\u00f3wnie mikrokontrolery ARM wielu firm (g\u0142\u00f3wnie ST) o architekturze ARM7, ARM9, Cortex-M4, Cortex-M3, Cortex-M0. Na \u017cyczenie klienta wykorzystujemy r\u00f3wnie\u017c mikrokontrolery 8 i 16 bitowe innych firm. Fragmenty analogowe projektujemy w oparciu o precyzyjne uk\u0142ady firm Linear Technology, Analog Devices, Texas Instruments, Maxim i innych.<\/p>\n<\/div>\n\n\n\n<div class=\"wp-block-column is-vertically-aligned-center is-layout-flow wp-block-column-is-layout-flow\" style=\"padding-top:0;padding-bottom:0\">\n<figure class=\"wp-block-image aligncenter size-full is-resized\"><img loading=\"lazy\" decoding=\"async\" width=\"640\" height=\"361\" src=\"http:\/\/192.168.50.96\/wp-content\/uploads\/2024\/11\/microchips-4924170_640.jpg\" alt=\"\" class=\"wp-image-122\" style=\"width:424px;height:auto\" srcset=\"https:\/\/www.lselektronik.pl\/autoinstalator\/wordpress\/wp-content\/uploads\/2024\/11\/microchips-4924170_640.jpg 640w, https:\/\/www.lselektronik.pl\/autoinstalator\/wordpress\/wp-content\/uploads\/2024\/11\/microchips-4924170_640-300x169.jpg 300w\" sizes=\"auto, (max-width: 640px) 100vw, 640px\" \/><\/figure>\n<\/div>\n<\/div>\n\n\n\n<div class=\"wp-block-columns is-layout-flex wp-container-core-columns-is-layout-a4fe827e wp-block-columns-is-layout-flex\" style=\"padding-bottom:var(--wp--preset--spacing--70)\">\n<div class=\"wp-block-column is-layout-flow wp-block-column-is-layout-flow\">\n<h4 class=\"wp-block-heading has-text-color\" style=\"color:#000000;margin-bottom:60px;margin-left:0px;font-size:clamp(18.959px, 1.185rem + ((1vw - 3.2px) * 1.255), 30px);line-height:1.4;text-transform:uppercase\">oprogramowanie<\/h4>\n\n\n\n<p style=\"margin-top:0;margin-bottom:0;margin-left:0;padding-right:0;padding-left:0\">Oprogramowanie dla mikrokontroler\u00f3w tworzymy wykorzystuj\u0105c kompilatory j\u0119zyka C firmy IAR Systems. Pos\u0142ugujemy si\u0119 tak\u017ce narz\u0119dziami dostarczanymi przez producent\u00f3w podzespo\u0142\u00f3w &#8211; Texas Instruments, ARM.<br>Dodatkowo tworzymy aplikacje pomocnicze dla naszych urz\u0105dze\u0144 &#8211; zar\u00f3wno na tradycyjne platformy\u00a0<strong>(Windows \/ Linux)<\/strong>\u00a0jak i mobilne\u00a0<strong>(Android)<\/strong>. Mo\u017cemy r\u00f3wnie\u017c stworzy\u0107 stron\u0119 WWW do obs\u0142ugi naszego sprz\u0119tu.<\/p>\n<\/div>\n\n\n\n<div class=\"wp-block-column is-vertically-aligned-center is-layout-flow wp-block-column-is-layout-flow\" style=\"padding-top:0;padding-bottom:0\">\n<figure class=\"wp-block-image aligncenter size-full is-resized\"><img loading=\"lazy\" decoding=\"async\" width=\"640\" height=\"359\" src=\"http:\/\/192.168.50.96\/wp-content\/uploads\/2024\/11\/computer-8779036_640.jpg\" alt=\"\" class=\"wp-image-127\" style=\"width:424px;height:auto\" srcset=\"https:\/\/www.lselektronik.pl\/autoinstalator\/wordpress\/wp-content\/uploads\/2024\/11\/computer-8779036_640.jpg 640w, https:\/\/www.lselektronik.pl\/autoinstalator\/wordpress\/wp-content\/uploads\/2024\/11\/computer-8779036_640-300x168.jpg 300w\" sizes=\"auto, (max-width: 640px) 100vw, 640px\" \/><\/figure>\n<\/div>\n<\/div>\n\n\n\n<div class=\"wp-block-columns is-layout-flex wp-container-core-columns-is-layout-28f84493 wp-block-columns-is-layout-flex\">\n<div class=\"wp-block-column is-layout-flow wp-block-column-is-layout-flow\" style=\"flex-basis:66.66%\">\n<h4 class=\"wp-block-heading has-text-color\" style=\"color:#000000;margin-bottom:60px;margin-left:0px;font-size:clamp(18.959px, 1.185rem + ((1vw - 3.2px) * 1.255), 30px);line-height:1.4;text-transform:uppercase\">kompatybilno\u015b\u0107 elektromagnetyczna<\/h4>\n\n\n\n<p style=\"margin-top:0;margin-bottom:0;margin-left:0;padding-right:0;padding-left:0\">Poprawno\u015b\u0107 konstrukcji urz\u0105dzenia jest weryfikowana w akredytowanym laboratorium kompatybilno\u015bci elektromagnetycznej &#8211; dzi\u0119ki czemu urz\u0105dzenie mo\u017ce by\u0107 oznakowane znakiem CE.<\/p>\n<\/div>\n\n\n\n<div class=\"wp-block-column is-layout-flow wp-block-column-is-layout-flow\" style=\"flex-basis:33.33%\"><\/div>\n<\/div>\n<\/div><\/div>\n\n\n\n<div class=\"wp-block-cover alignfull\" style=\"margin-top:0px;margin-bottom:0px;padding-top:0px;padding-bottom:0px;min-height:298px;aspect-ratio:unset;\"><span aria-hidden=\"true\" class=\"wp-block-cover__background has-black-background-color has-background-dim-60 has-background-dim\"><\/span><img loading=\"lazy\" decoding=\"async\" width=\"1280\" height=\"720\" class=\"wp-block-cover__image-background wp-image-44\" alt=\"\" src=\"http:\/\/192.168.50.96\/wp-content\/uploads\/2024\/10\/electrician-1288717_1280.jpg\" data-object-fit=\"cover\" srcset=\"https:\/\/www.lselektronik.pl\/autoinstalator\/wordpress\/wp-content\/uploads\/2024\/10\/electrician-1288717_1280.jpg 1280w, https:\/\/www.lselektronik.pl\/autoinstalator\/wordpress\/wp-content\/uploads\/2024\/10\/electrician-1288717_1280-300x169.jpg 300w, https:\/\/www.lselektronik.pl\/autoinstalator\/wordpress\/wp-content\/uploads\/2024\/10\/electrician-1288717_1280-1024x576.jpg 1024w, https:\/\/www.lselektronik.pl\/autoinstalator\/wordpress\/wp-content\/uploads\/2024\/10\/electrician-1288717_1280-768x432.jpg 768w\" sizes=\"auto, (max-width: 1280px) 100vw, 1280px\" \/><div class=\"wp-block-cover__inner-container has-global-padding is-layout-constrained wp-container-core-cover-is-layout-6e30cc07 wp-block-cover-is-layout-constrained\">\n<h2 class=\"wp-block-heading has-text-align-center has-text-color\" style=\"color:#ffffff;margin-top:0;font-size:clamp(33.419px, 2.089rem + ((1vw - 3.2px) * 3.021), 60px);font-style:normal;font-weight:400;line-height:1\">Tworzenie kompleksowych rozwi\u0105za\u0144 dla Twojej firmy.<\/h2>\n<\/div><\/div>\n","protected":false},"excerpt":{"rendered":"","protected":false},"author":1,"featured_media":0,"parent":0,"menu_order":0,"comment_status":"closed","ping_status":"closed","template":"wp-custom-template-polskie","meta":{"footnotes":""},"class_list":["post-240","page","type-page","status-publish","hentry"],"_links":{"self":[{"href":"https:\/\/www.lselektronik.pl\/autoinstalator\/wordpress\/index.php\/wp-json\/wp\/v2\/pages\/240","targetHints":{"allow":["GET"]}}],"collection":[{"href":"https:\/\/www.lselektronik.pl\/autoinstalator\/wordpress\/index.php\/wp-json\/wp\/v2\/pages"}],"about":[{"href":"https:\/\/www.lselektronik.pl\/autoinstalator\/wordpress\/index.php\/wp-json\/wp\/v2\/types\/page"}],"author":[{"embeddable":true,"href":"https:\/\/www.lselektronik.pl\/autoinstalator\/wordpress\/index.php\/wp-json\/wp\/v2\/users\/1"}],"replies":[{"embeddable":true,"href":"https:\/\/www.lselektronik.pl\/autoinstalator\/wordpress\/index.php\/wp-json\/wp\/v2\/comments?post=240"}],"version-history":[{"count":10,"href":"https:\/\/www.lselektronik.pl\/autoinstalator\/wordpress\/index.php\/wp-json\/wp\/v2\/pages\/240\/revisions"}],"predecessor-version":[{"id":370,"href":"https:\/\/www.lselektronik.pl\/autoinstalator\/wordpress\/index.php\/wp-json\/wp\/v2\/pages\/240\/revisions\/370"}],"wp:attachment":[{"href":"https:\/\/www.lselektronik.pl\/autoinstalator\/wordpress\/index.php\/wp-json\/wp\/v2\/media?parent=240"}],"curies":[{"name":"wp","href":"https:\/\/api.w.org\/{rel}","templated":true}]}}